{"id":98,"date":"2024-08-14T13:38:48","date_gmt":"2024-08-14T13:38:48","guid":{"rendered":"https:\/\/www.saar-riesling.com\/?page_id=98"},"modified":"2024-08-14T13:39:15","modified_gmt":"2024-08-14T13:39:15","slug":"impressum","status":"publish","type":"page","link":"https:\/\/www.saar-riesling.com\/?page_id=98","title":{"rendered":"Impressum"},"content":{"rendered":"<table border=\"0\" width=\"800\">\n<tbody>\n<tr>\n<td>\n<p>Herausgeber: SaarRiesling e.V., Trierer Stra\u00dfe 19, 54439 Saarburg <br \/>\n(vertreten durch den 1. Vorsitzenden Armin Appel)<br \/>\nWebmaster: <a href=\"http:\/\/www.junetko.de\" target=\"_blank\" rel=\"noopener\">Jugendnetzwerk Konz<\/a><\/p>\n<h2>Rechtshinweis<\/h2>\n<p>\u00a0<br \/>\nDer Webmaster pr\u00fcft und aktualisiert die Informationen auf dieser Website. Trotz aller Sorgfalt k\u00f6nnen sich die Daten inzwischen ver\u00e4ndert haben. Eine Haftung oder Garantie f\u00fcr die Aktualit\u00e4t, Richtigkeit und Vollst\u00e4ndigkeit der zur Verf\u00fcgung gestellten Informationen kann daher nicht \u00fcbernommen werden. Gleiches gilt auch f\u00fcr alle anderen Websites, auf die mittels Hyperlink verwiesen wird. Der SaarRiesling e.V. ist f\u00fcr den Inhalt der Website, die aufgrund einer solchen Verbindung erreicht werden, nicht verantwortlich. Des Weiteren beh\u00e4lt sich der SaarRiesling e.V. das Recht vor, \u00c4nderungen oder Erg\u00e4nzungen der bereit gestellten Informationen vorzunehmen.<\/p>\n<\/td>\n<\/tr>\n<tr>\n<td>\n<p>&nbsp;<\/p>\n<p><strong>Grafiken &amp; Karte:<\/strong> Clemens Concept &amp; Design, Trier<br \/>\n<strong>Foto:<\/strong> HP Merten, Kastel-Staadt<\/p>\n<\/td>\n<\/tr>\n<\/tbody>\n<\/table>\n","protected":false},"excerpt":{"rendered":"<p>Herausgeber: SaarRiesling e.V., Trierer Stra\u00dfe 19, 54439 Saarburg (vertreten durch den 1. Vorsitzenden Armin Appel) Webmaster: Jugendnetzwerk Konz Rechtshinweis \u00a0 Der Webmaster pr\u00fcft und aktualisiert die Informationen auf dieser Website. Trotz aller Sorgfalt k\u00f6nnen sich die Daten inzwischen ver\u00e4ndert haben. &hellip; <a href=\"https:\/\/www.saar-riesling.com\/?page_id=98\">Weiterlesen <span class=\"meta-nav\">&rarr;<\/span><\/a><\/p>\n","protected":false},"author":1,"featured_media":0,"parent":0,"menu_order":0,"comment_status":"closed","ping_status":"closed","template":"","meta":{"footnotes":""},"class_list":["post-98","page","type-page","status-publish","hentry"],"_links":{"self":[{"href":"https:\/\/www.saar-riesling.com\/index.php?rest_route=\/wp\/v2\/pages\/98","targetHints":{"allow":["GET"]}}],"collection":[{"href":"https:\/\/www.saar-riesling.com\/index.php?rest_route=\/wp\/v2\/pages"}],"about":[{"href":"https:\/\/www.saar-riesling.com\/index.php?rest_route=\/wp\/v2\/types\/page"}],"author":[{"embeddable":true,"href":"https:\/\/www.saar-riesling.com\/index.php?rest_route=\/wp\/v2\/users\/1"}],"replies":[{"embeddable":true,"href":"https:\/\/www.saar-riesling.com\/index.php?rest_route=%2Fwp%2Fv2%2Fcomments&post=98"}],"version-history":[{"count":2,"href":"https:\/\/www.saar-riesling.com\/index.php?rest_route=\/wp\/v2\/pages\/98\/revisions"}],"predecessor-version":[{"id":101,"href":"https:\/\/www.saar-riesling.com\/index.php?rest_route=\/wp\/v2\/pages\/98\/revisions\/101"}],"wp:attachment":[{"href":"https:\/\/www.saar-riesling.com\/index.php?rest_route=%2Fwp%2Fv2%2Fmedia&parent=98"}],"curies":[{"name":"wp","href":"https:\/\/api.w.org\/{rel}","templated":true}]}}