{"id":77,"date":"2024-08-08T13:11:07","date_gmt":"2024-08-08T13:11:07","guid":{"rendered":"https:\/\/www.saar-riesling.com\/?page_id=77"},"modified":"2024-08-08T13:11:07","modified_gmt":"2024-08-08T13:11:07","slug":"kultur-menschen","status":"publish","type":"page","link":"https:\/\/www.saar-riesling.com\/?page_id=77","title":{"rendered":"Kultur &#038; Menschen"},"content":{"rendered":"<p>Die Menschen an der Saar sind bodenst\u00e4ndig und lieben dieses besondere Fleckchen Erde. Sie pflegen alte Traditionen und sind gleichzeitig offen f\u00fcr Neues. Im Dreil\u00e4ndereck Deutschland-Frankreich-Luxemburg lebend verstehen sie sich als Europ\u00e4er: aufgeschlossen und gastfreundlich. \u00dcber die offenen Staatsgrenzen hinweg verbindet die Menschen dieser europ\u00e4ischen Kernregion ihre gemeinsame Geschichte, Kultur und Sprache \u2013 und nat\u00fcrlich auch der Wein.<\/p>\n<p>Die Wurzeln des Weinbaus an der Saar reichen weit zur\u00fcck bis in die Antike, als die Gegend um Mosel und Saar vor 2000 Jahren von den R\u00f6mern erobert wurde. Ob zu dieser Zeit bereits die keltischen Treverer Weinbau betrieben, wird in der Forschung kontrovers diskutiert. Fest steht allerdings, dass die R\u00f6mer die Weinkultur an Mosel und Saar etablierten, f\u00f6rderten und ausbauten. Denn die neuen Herren aus dem S\u00fcden verfeinerten die Methoden und pflanzten Reben in gro\u00dfem Stil an.<\/p>\n<p>Durch das Mittelalter hindurch retteten dann die Kl\u00f6ster und die Kirche die Weinkultur und die Pflege der Rebe bis in die Neuzeit fort. Noch heute sind in vielen Weinbauorten der Saar gro\u00dfe und herrschaftliche Weing\u00fcter des 17. und 18. Jahrhunderts anzutreffen, die auf geistliche Gr\u00fcndungen zur\u00fcckgehen. Diese kunstgeschichtlich bedeutenden Anwesen wurden im Zuge der S\u00e4kularisierung kirchlichen Besitzes in der napoleonischen Epoche in privaten Besitz \u00fcberf\u00fchrt.<\/p>\n<p>Hinzu gesellen sich einige Weinschl\u00f6sser aus den Anf\u00e4ngen des 20. Jahrhunderts als ausw\u00e4rtige Kapitalgeber in den Saarwein investierten. Zu gleicher Zeit betrieb auch der preu\u00dfische Staat mit der Errichtung der Staatsweinbaudom\u00e4nen in Ockfen und Serrig eine systematische F\u00f6rderung des Rieslinganbaus an der Saar.<\/p>\n<p>So wurde die Qualit\u00e4tssteigerung des SaarWeinbaus zur Erfolgsstory. Damals wurde der internationale und mythische Ruf des SaarRieslings begr\u00fcndet.<br \/>\nDamals war SaarRiesling doppelt so teuer wie Bordeauxwein. Die Titanic soll mehr Saar- und Moselwein als Wein aus Burgund an Bord gehabt haben. Zu Spitzenzeiten kostete eine Flasche SaarRiesling 15 Goldmark, was heute zwei Monatsl\u00f6hnen entspr\u00e4che.<\/p>\n","protected":false},"excerpt":{"rendered":"<p>Die Menschen an der Saar sind bodenst\u00e4ndig und lieben dieses besondere Fleckchen Erde. Sie pflegen alte Traditionen und sind gleichzeitig offen f\u00fcr Neues. Im Dreil\u00e4ndereck Deutschland-Frankreich-Luxemburg lebend verstehen sie sich als Europ\u00e4er: aufgeschlossen und gastfreundlich. \u00dcber die offenen Staatsgrenzen hinweg &hellip; <a href=\"https:\/\/www.saar-riesling.com\/?page_id=77\">Weiterlesen <span class=\"meta-nav\">&rarr;<\/span><\/a><\/p>\n","protected":false},"author":1,"featured_media":0,"parent":0,"menu_order":0,"comment_status":"closed","ping_status":"closed","template":"","meta":{"footnotes":""},"class_list":["post-77","page","type-page","status-publish","hentry"],"_links":{"self":[{"href":"https:\/\/www.saar-riesling.com\/index.php?rest_route=\/wp\/v2\/pages\/77","targetHints":{"allow":["GET"]}}],"collection":[{"href":"https:\/\/www.saar-riesling.com\/index.php?rest_route=\/wp\/v2\/pages"}],"about":[{"href":"https:\/\/www.saar-riesling.com\/index.php?rest_route=\/wp\/v2\/types\/page"}],"author":[{"embeddable":true,"href":"https:\/\/www.saar-riesling.com\/index.php?rest_route=\/wp\/v2\/users\/1"}],"replies":[{"embeddable":true,"href":"https:\/\/www.saar-riesling.com\/index.php?rest_route=%2Fwp%2Fv2%2Fcomments&post=77"}],"version-history":[{"count":1,"href":"https:\/\/www.saar-riesling.com\/index.php?rest_route=\/wp\/v2\/pages\/77\/revisions"}],"predecessor-version":[{"id":79,"href":"https:\/\/www.saar-riesling.com\/index.php?rest_route=\/wp\/v2\/pages\/77\/revisions\/79"}],"wp:attachment":[{"href":"https:\/\/www.saar-riesling.com\/index.php?rest_route=%2Fwp%2Fv2%2Fmedia&parent=77"}],"curies":[{"name":"wp","href":"https:\/\/api.w.org\/{rel}","templated":true}]}}