{"id":121,"date":"2024-08-15T07:25:00","date_gmt":"2024-08-15T07:25:00","guid":{"rendered":"https:\/\/www.saar-riesling.com\/?page_id=121"},"modified":"2024-08-15T07:25:46","modified_gmt":"2024-08-15T07:25:46","slug":"kontakt","status":"publish","type":"page","link":"https:\/\/www.saar-riesling.com\/?page_id=121","title":{"rendered":"Kontakt"},"content":{"rendered":"<h2>SaarRiesling e.V.<\/h2>\n<p>\u00a0<br \/>\nDer SaarRiesling e.V. wurde als Zusammenschluss von Weing\u00fctern, Weinbaugemeinden und sonstigen Wein interessierten Personen und Institutionen entlang des rheinland-pf\u00e4lzischen Saarlaufs unter dem Namen \u201eFreunde des Saarweines e.V.\u201c bereits im Jahre 1964 gegr\u00fcndet. Vereinsziel ist die Pflege der auf r\u00f6mische Urspr\u00fcnge zur\u00fcck gehenden Weinbaukultur an der Saar und die Herausstellung der SaarRiesling-Rebe, die mit ihrem unvergesslichen Geschmackserlebnis einzigartige Weine hervorbringt. Im Jahre 2008 wurde der Verein in \u201eSaarRiesling e.V.\u201c umbenannt.<\/p>\n<p>&nbsp;<\/p>\n\n<div class=\"wpcf7 no-js\" id=\"wpcf7-f120-o1\" lang=\"de-DE\" dir=\"ltr\" data-wpcf7-id=\"120\">\n<div class=\"screen-reader-response\"><p role=\"status\" aria-live=\"polite\" aria-atomic=\"true\"><\/p> <ul><\/ul><\/div>\n<form action=\"\/index.php?rest_route=%2Fwp%2Fv2%2Fpages%2F121#wpcf7-f120-o1\" method=\"post\" class=\"wpcf7-form init\" aria-label=\"Kontaktformular\" novalidate=\"novalidate\" data-status=\"init\">\n<fieldset class=\"hidden-fields-container\"><input type=\"hidden\" name=\"_wpcf7\" value=\"120\" \/><input type=\"hidden\" name=\"_wpcf7_version\" value=\"6.1.4\" \/><input type=\"hidden\" name=\"_wpcf7_locale\" value=\"de_DE\" \/><input type=\"hidden\" name=\"_wpcf7_unit_tag\" value=\"wpcf7-f120-o1\" \/><input type=\"hidden\" name=\"_wpcf7_container_post\" value=\"0\" \/><input type=\"hidden\" name=\"_wpcf7_posted_data_hash\" value=\"\" \/>\n<\/fieldset>\n<p><label> Dein Name<br \/>\n<span class=\"wpcf7-form-control-wrap\" data-name=\"your-name\"><input size=\"40\" maxlength=\"400\" class=\"wpcf7-form-control wpcf7-text wpcf7-validates-as-required\" autocomplete=\"name\" aria-required=\"true\" aria-invalid=\"false\" value=\"\" type=\"text\" name=\"your-name\" \/><\/span> <\/label>\n<\/p>\n<p><label> Deine E-Mail-Adresse<br \/>\n<span class=\"wpcf7-form-control-wrap\" data-name=\"your-email\"><input size=\"40\" maxlength=\"400\" class=\"wpcf7-form-control wpcf7-email wpcf7-validates-as-required wpcf7-text wpcf7-validates-as-email\" autocomplete=\"email\" aria-required=\"true\" aria-invalid=\"false\" value=\"\" type=\"email\" name=\"your-email\" \/><\/span> <\/label>\n<\/p>\n<p><label> Betreff<br \/>\n<span class=\"wpcf7-form-control-wrap\" data-name=\"your-subject\"><input size=\"40\" maxlength=\"400\" class=\"wpcf7-form-control wpcf7-text wpcf7-validates-as-required\" aria-required=\"true\" aria-invalid=\"false\" value=\"\" type=\"text\" name=\"your-subject\" \/><\/span> <\/label>\n<\/p>\n<p><label> Deine Nachricht (optional)<br \/>\n<span class=\"wpcf7-form-control-wrap\" data-name=\"your-message\"><textarea cols=\"40\" rows=\"10\" maxlength=\"2000\" class=\"wpcf7-form-control wpcf7-textarea\" aria-invalid=\"false\" name=\"your-message\"><\/textarea><\/span> <\/label>\n<\/p>\n<p><input class=\"wpcf7-form-control wpcf7-submit has-spinner\" type=\"submit\" value=\"Senden\" \/>\n<\/p>\n<p><span id=\"wpcf7-69ef74f9dde02-wrapper\" class=\"wpcf7-form-control-wrap website-check-wrap\" style=\"display:none !important; visibility:hidden !important;\"><label for=\"wpcf7-69ef74f9dde02-field\" class=\"hp-message\">Bitte lasse dieses Feld leer.<\/label><input id=\"wpcf7-69ef74f9dde02-field\"  placeholder=\"honeypot website-check\"  class=\"wpcf7-form-control wpcf7-text\" type=\"text\" name=\"website-check\" value=\"\" size=\"40\" tabindex=\"-1\" autocomplete=\"new-password\" \/><\/span>\n<\/p><div class=\"wpcf7-response-output\" aria-hidden=\"true\"><\/div>\n<\/form>\n<\/div>\n\n","protected":false},"excerpt":{"rendered":"<p>SaarRiesling e.V. \u00a0 Der SaarRiesling e.V. wurde als Zusammenschluss von Weing\u00fctern, Weinbaugemeinden und sonstigen Wein interessierten Personen und Institutionen entlang des rheinland-pf\u00e4lzischen Saarlaufs unter dem Namen \u201eFreunde des Saarweines e.V.\u201c bereits im Jahre 1964 gegr\u00fcndet. Vereinsziel ist die Pflege der &hellip; <a href=\"https:\/\/www.saar-riesling.com\/?page_id=121\">Weiterlesen <span class=\"meta-nav\">&rarr;<\/span><\/a><\/p>\n","protected":false},"author":1,"featured_media":0,"parent":0,"menu_order":0,"comment_status":"closed","ping_status":"closed","template":"","meta":{"footnotes":""},"class_list":["post-121","page","type-page","status-publish","hentry"],"_links":{"self":[{"href":"https:\/\/www.saar-riesling.com\/index.php?rest_route=\/wp\/v2\/pages\/121","targetHints":{"allow":["GET"]}}],"collection":[{"href":"https:\/\/www.saar-riesling.com\/index.php?rest_route=\/wp\/v2\/pages"}],"about":[{"href":"https:\/\/www.saar-riesling.com\/index.php?rest_route=\/wp\/v2\/types\/page"}],"author":[{"embeddable":true,"href":"https:\/\/www.saar-riesling.com\/index.php?rest_route=\/wp\/v2\/users\/1"}],"replies":[{"embeddable":true,"href":"https:\/\/www.saar-riesling.com\/index.php?rest_route=%2Fwp%2Fv2%2Fcomments&post=121"}],"version-history":[{"count":2,"href":"https:\/\/www.saar-riesling.com\/index.php?rest_route=\/wp\/v2\/pages\/121\/revisions"}],"predecessor-version":[{"id":124,"href":"https:\/\/www.saar-riesling.com\/index.php?rest_route=\/wp\/v2\/pages\/121\/revisions\/124"}],"wp:attachment":[{"href":"https:\/\/www.saar-riesling.com\/index.php?rest_route=%2Fwp%2Fv2%2Fmedia&parent=121"}],"curies":[{"name":"wp","href":"https:\/\/api.w.org\/{rel}","templated":true}]}}